{"id":44,"date":"2023-09-07T11:59:17","date_gmt":"2023-09-07T11:59:17","guid":{"rendered":"https:\/\/queervibesmag.com\/?page_id=44"},"modified":"2024-05-02T12:08:14","modified_gmt":"2024-05-02T12:08:14","slug":"lgbtq-glossary-terms","status":"publish","type":"page","link":"https:\/\/queervibesmag.com\/es\/lgbtq-glossary-terms\/","title":{"rendered":"GLOSARIO DE T\u00c9RMINOS LGBTQ"},"content":{"rendered":"<p><strong>GLOSARIO DE T\u00c9RMINOS LGBTQ<\/strong><\/p>\n\n\n\n<script async=\"async\" data-cfasync=\"false\" src=\"\/\/pl23211232.highcpmgate.com\/4624e693d7737a32bb7d16f4665f5eec\/invoke.js\"><\/script>\n<div id=\"container-4624e693d7737a32bb7d16f4665f5eec\"><\/div>\n\n\n\n<p><strong>El glosario LGBTQ+ definitivo: T\u00e9rminos clave<\/strong><\/p>\n\n\n\n<p>En un mundo tan diverso y cambiante como el actual, comprender la terminolog\u00eda asociada a la comunidad LGBTQ+ es m\u00e1s importante que nunca.Tanto si eres un aliado que busca informarse como si eres alguien que explora su identidad, este completo glosario est\u00e1 dise\u00f1ado para aportar claridad. Esta gu\u00eda, optimizada para quienes buscan \"t\u00e9rminos del glosario LGBTQ\", pretende ser a la vez informativa y respetuosa.<\/p>\n\n\n\n<hr class=\"wp-block-separator has-alpha-channel-opacity\"\/>\n\n\n\n<h3 class=\"wp-block-heading\"><strong>LGBTQ+<\/strong><\/h3>\n\n\n\n<p>Acr\u00f3nimo de Lesbiana, Gay, Bisexual, Transg\u00e9nero y Queer\/Questioning. El signo m\u00e1s simboliza la inclusi\u00f3n de diversas orientaciones sexuales, identidades de g\u00e9nero y expresiones no mencionadas expl\u00edcitamente.<\/p>\n\n\n\n<h3 class=\"wp-block-heading\"><strong>Lesbianas<\/strong><\/h3>\n\n\n\n<p>Una mujer que siente atracci\u00f3n hacia otras mujeres.<\/p>\n\n\n\n<h3 class=\"wp-block-heading\"><strong>Gay<\/strong><\/h3>\n\n\n\n<p>Se refiere a individuos atra\u00eddos por miembros del mismo sexo. Aunque puede ser un t\u00e9rmino general, suele referirse a los hombres homosexuales.<\/p>\n\n\n\n<h3 class=\"wp-block-heading\"><strong>Bisexual (Bi)<\/strong><\/h3>\n\n\n\n<p>Individuos que experimentan atracci\u00f3n tanto por hombres como por mujeres.<\/p>\n\n\n\n<h3 class=\"wp-block-heading\"><strong>Transg\u00e9nero (Trans)<\/strong><\/h3>\n\n\n\n<p>Personas cuya identidad de g\u00e9nero no coincide con el sexo que se les asign\u00f3 al nacer.<\/p>\n\n\n\n<h3 class=\"wp-block-heading\"><strong>Queer<\/strong><\/h3>\n\n\n\n<p>Hist\u00f3ricamente utilizado de forma peyorativa, este t\u00e9rmino ha sido reivindicado por algunos miembros de la comunidad LGBTQ+. Describe una orientaci\u00f3n sexual o identidad de g\u00e9nero fluida y no normativa.<\/p>\n\n\n\n<h3 class=\"wp-block-heading\"><strong>Cuestionar<\/strong><\/h3>\n\n\n\n<p>Se refiere a personas que est\u00e1n explorando su orientaci\u00f3n sexual o identidad de g\u00e9nero.<\/p>\n\n\n\n<h3 class=\"wp-block-heading\"><strong>Cisgender (Cis)<\/strong><\/h3>\n\n\n\n<p>Personas cuya identidad de g\u00e9nero coincide con el sexo que se les asign\u00f3 al nacer.<\/p>\n\n\n\n<h3 class=\"wp-block-heading\"><strong>No binario (NB)<\/strong><\/h3>\n\n\n\n<p>Una identidad de g\u00e9nero que no se ajusta al binario tradicional de hombre o mujer.<\/p>\n\n\n\n<h3 class=\"wp-block-heading\"><strong>Genderqueer<\/strong><\/h3>\n\n\n\n<p>Personas cuya identidad de g\u00e9nero existe fuera de, no est\u00e1 relacionada con o va m\u00e1s all\u00e1 del binario hombre\/mujer.<\/p>\n\n\n\n<h3 class=\"wp-block-heading\"><strong>Genderfluid<\/strong><\/h3>\n\n\n\n<p>Individuals whose gender identity can shift or change over time.<\/p>\n\n\n\n<h3 class=\"wp-block-heading\"><strong>Asexual (As)<\/strong><\/h3>\n\n\n\n<p>Personas que experimentan una atracci\u00f3n sexual m\u00ednima o nula.<\/p>\n\n\n\n<h3 class=\"wp-block-heading\"><strong>Individuos atra\u00eddos por personas independientemente de su sexo o identidad de g\u00e9nero.<\/strong><\/h3>\n\n\n\n<p>Individuals attracted to people regardless of their gender or gender identity.<\/p>\n\n\n\n<h3 class=\"wp-block-heading\"><strong>Intersex<\/strong><\/h3>\n\n\n\n<p>Persons born with sex characteristics that don&#8217;t align with typical definitions of male or female.<\/p>\n\n\n\n<h3 class=\"wp-block-heading\"><strong>Two-Spirit<\/strong><\/h3>\n\n\n\n<p>T\u00e9rmino de algunas culturas ind\u00edgenas norteamericanas. Describe a individuos que encarnan esp\u00edritus masculinos y femeninos.<\/p>\n\n\n\n<h3 class=\"wp-block-heading\"><strong>Aliado<\/strong><\/h3>\n\n\n\n<p>Personas que, aunque no se identifiquen como LGBTQ+, apoyan y defienden los derechos de las personas LGBTQ+.<\/p>\n\n\n\n<h3 class=\"wp-block-heading\"><strong>Homofobia<\/strong><\/h3>\n\n\n\n<p>El miedo, el odio o la discriminaci\u00f3n dirigidos contra las personas LGBTQ+.<\/p>\n\n\n\n<h3 class=\"wp-block-heading\"><strong>Transphobia<\/strong><\/h3>\n\n\n\n<p>El miedo, el odio o la discriminaci\u00f3n dirigidos contra las personas LGBTQ+.<\/p>\n\n\n\n<h3 class=\"wp-block-heading\"><strong>Bifobia<\/strong><\/h3>\n\n\n\n<p>El miedo, el odio o la discriminaci\u00f3n contra las personas bisexuales.<\/p>\n\n\n\n<h3 class=\"wp-block-heading\"><strong>Salir del armario (coming out)<\/strong><\/h3>\n\n\n\n<p>El proceso profundamente personal de autoaceptaci\u00f3n y revelaci\u00f3n de la propia identidad LGBTQ+ a los dem\u00e1s.<\/p>\n\n\n\n<h3 class=\"wp-block-heading\"><strong>Disforia de g\u00e9nero<\/strong><\/h3>\n\n\n\n<p>La angustia que sienten algunas personas transexuales debido a la falta de correspondencia entre su identidad de g\u00e9nero y el sexo que se les asign\u00f3 al nacer.<\/p>\n\n\n\n<h3 class=\"wp-block-heading\"><strong>Expresi\u00f3n de g\u00e9nero<\/strong><\/h3>\n\n\n\n<p>La presentaci\u00f3n externa del propio g\u00e9nero, evidente a trav\u00e9s del comportamiento, la ropa, los peinados, la voz, etc.<\/p>\n\n\n\n<h3 class=\"wp-block-heading\"><strong>Identidad de g\u00e9nero<\/strong><\/h3>\n\n\n\n<p>El sentido interno de un individuo y la comprensi\u00f3n de su g\u00e9nero.<\/p>\n\n\n\n<h3 class=\"wp-block-heading\"><strong>Pronombres<\/strong><\/h3>\n\n\n\n<p>Palabras como \u00e9l\/ella, ella\/\u00e9l y ellos\/ellos se utilizan para referirse a individuos. Respetar y utilizar correctamente los pronombres es crucial.<\/p>\n\n\n\n<h3 class=\"wp-block-heading\"><strong>Ag\u00e9nero<\/strong><\/h3>\n\n\n\n<p>Personas que se identifican como no sexistas.<\/p>\n\n\n\n<p><\/p>","protected":false},"excerpt":{"rendered":"<p>LGBTQ GLOSSARY TERMS The Ultimate LGBTQ+ Glossary: Understanding Key Terms In today&#8217;s diverse and evolving world, understanding the terminology associated with the LGBTQ+ community is more important than ever. Whether you&#8217;re an ally seeking to educate yourself or someone exploring their identity, this comprehensive glossary is designed to provide clarity. Optimized for those searching for&#8230;<\/p>","protected":false},"author":1,"featured_media":182,"parent":0,"menu_order":0,"comment_status":"closed","ping_status":"closed","template":"","meta":{"footnotes":""},"class_list":["post-44","page","type-page","status-publish","has-post-thumbnail","hentry"],"yoast_head":"<!-- This site is optimized with the Yoast SEO plugin v27.4 - https:\/\/yoast.com\/product\/yoast-seo-wordpress\/ -->\n<title>LGBTQ GLOSSARY TERMS<\/title>\n<meta name=\"description\" content=\"lgbtq glossary terms\" \/>\n<meta name=\"robots\" content=\"index, follow, max-snippet:-1, max-image-preview:large, max-video-preview:-1\" \/>\n<link rel=\"canonical\" href=\"https:\/\/queervibesmag.com\/es\/lgbtq-glossary-terms\/\" \/>\n<meta property=\"og:locale\" content=\"es_ES\" \/>\n<meta property=\"og:type\" content=\"article\" \/>\n<meta property=\"og:title\" content=\"LGBTQ GLOSSARY TERMS\" \/>\n<meta property=\"og:description\" content=\"lgbtq glossary terms\" \/>\n<meta property=\"og:url\" content=\"https:\/\/queervibesmag.com\/es\/lgbtq-glossary-terms\/\" \/>\n<meta property=\"og:site_name\" content=\"Queer Vibes Mag\" \/>\n<meta property=\"article:modified_time\" content=\"2024-05-02T12:08:14+00:00\" \/>\n<meta property=\"og:image\" content=\"https:\/\/queervibesmag.com\/wp-content\/uploads\/2023\/09\/LGBTQ-GLOSSARY-TERMS-scaled.jpg\" \/>\n\t<meta property=\"og:image:width\" content=\"2560\" \/>\n\t<meta property=\"og:image:height\" content=\"1351\" \/>\n\t<meta property=\"og:image:type\" content=\"image\/jpeg\" \/>\n<meta name=\"twitter:card\" content=\"summary_large_image\" \/>\n<meta name=\"twitter:site\" content=\"@queervibesmag\" \/>\n<meta name=\"twitter:label1\" content=\"Tiempo de lectura\" \/>\n\t<meta name=\"twitter:data1\" content=\"3 minutos\" \/>\n<script type=\"application\/ld+json\" class=\"yoast-schema-graph\">{\"@context\":\"https:\\\/\\\/schema.org\",\"@graph\":[{\"@type\":\"WebPage\",\"@id\":\"https:\\\/\\\/queervibesmag.com\\\/lgbtq-glossary-terms\\\/\",\"url\":\"https:\\\/\\\/queervibesmag.com\\\/lgbtq-glossary-terms\\\/\",\"name\":\"LGBTQ GLOSSARY TERMS\",\"isPartOf\":{\"@id\":\"https:\\\/\\\/queervibesmag.com\\\/#website\"},\"primaryImageOfPage\":{\"@id\":\"https:\\\/\\\/queervibesmag.com\\\/lgbtq-glossary-terms\\\/#primaryimage\"},\"image\":{\"@id\":\"https:\\\/\\\/queervibesmag.com\\\/lgbtq-glossary-terms\\\/#primaryimage\"},\"thumbnailUrl\":\"https:\\\/\\\/i0.wp.com\\\/queervibesmag.com\\\/wp-content\\\/uploads\\\/2023\\\/09\\\/LGBTQ-GLOSSARY-TERMS-scaled.jpg?fit=2560%2C1351&ssl=1\",\"datePublished\":\"2023-09-07T11:59:17+00:00\",\"dateModified\":\"2024-05-02T12:08:14+00:00\",\"description\":\"lgbtq glossary terms\",\"breadcrumb\":{\"@id\":\"https:\\\/\\\/queervibesmag.com\\\/lgbtq-glossary-terms\\\/#breadcrumb\"},\"inLanguage\":\"es\",\"potentialAction\":[{\"@type\":\"ReadAction\",\"target\":[\"https:\\\/\\\/queervibesmag.com\\\/lgbtq-glossary-terms\\\/\"]}]},{\"@type\":\"ImageObject\",\"inLanguage\":\"es\",\"@id\":\"https:\\\/\\\/queervibesmag.com\\\/lgbtq-glossary-terms\\\/#primaryimage\",\"url\":\"https:\\\/\\\/i0.wp.com\\\/queervibesmag.com\\\/wp-content\\\/uploads\\\/2023\\\/09\\\/LGBTQ-GLOSSARY-TERMS-scaled.jpg?fit=2560%2C1351&ssl=1\",\"contentUrl\":\"https:\\\/\\\/i0.wp.com\\\/queervibesmag.com\\\/wp-content\\\/uploads\\\/2023\\\/09\\\/LGBTQ-GLOSSARY-TERMS-scaled.jpg?fit=2560%2C1351&ssl=1\",\"width\":2560,\"height\":1351,\"caption\":\"LGBTQ GLOSSARY TERMS\"},{\"@type\":\"BreadcrumbList\",\"@id\":\"https:\\\/\\\/queervibesmag.com\\\/lgbtq-glossary-terms\\\/#breadcrumb\",\"itemListElement\":[{\"@type\":\"ListItem\",\"position\":1,\"name\":\"Home\",\"item\":\"https:\\\/\\\/queervibesmag.com\\\/\"},{\"@type\":\"ListItem\",\"position\":2,\"name\":\"LGBTQ GLOSSARY TERMS\"}]},{\"@type\":\"WebSite\",\"@id\":\"https:\\\/\\\/queervibesmag.com\\\/#website\",\"url\":\"https:\\\/\\\/queervibesmag.com\\\/\",\"name\":\"Queer Vibes Mag\",\"description\":\"WORLD WIDE LGBTQ NEWS\",\"publisher\":{\"@id\":\"https:\\\/\\\/queervibesmag.com\\\/#organization\"},\"potentialAction\":[{\"@type\":\"SearchAction\",\"target\":{\"@type\":\"EntryPoint\",\"urlTemplate\":\"https:\\\/\\\/queervibesmag.com\\\/?s={search_term_string}\"},\"query-input\":{\"@type\":\"PropertyValueSpecification\",\"valueRequired\":true,\"valueName\":\"search_term_string\"}}],\"inLanguage\":\"es\"},{\"@type\":\"Organization\",\"@id\":\"https:\\\/\\\/queervibesmag.com\\\/#organization\",\"name\":\"Queer Vibes Mag | LGBT NEWS\",\"alternateName\":\"Queer Vibes Mag | LGBT NEWS\",\"url\":\"https:\\\/\\\/queervibesmag.com\\\/\",\"logo\":{\"@type\":\"ImageObject\",\"inLanguage\":\"es\",\"@id\":\"https:\\\/\\\/queervibesmag.com\\\/#\\\/schema\\\/logo\\\/image\\\/\",\"url\":\"https:\\\/\\\/i0.wp.com\\\/queervibesmag.com\\\/wp-content\\\/uploads\\\/2023\\\/09\\\/cropped-Black_and_White_Modern_Literary_Magazine_Logo__2__-_Copie-removebg-preview.png?fit=200%2C200&ssl=1\",\"contentUrl\":\"https:\\\/\\\/i0.wp.com\\\/queervibesmag.com\\\/wp-content\\\/uploads\\\/2023\\\/09\\\/cropped-Black_and_White_Modern_Literary_Magazine_Logo__2__-_Copie-removebg-preview.png?fit=200%2C200&ssl=1\",\"width\":200,\"height\":200,\"caption\":\"Queer Vibes Mag | LGBT NEWS\"},\"image\":{\"@id\":\"https:\\\/\\\/queervibesmag.com\\\/#\\\/schema\\\/logo\\\/image\\\/\"},\"sameAs\":[\"https:\\\/\\\/x.com\\\/queervibesmag\"]}]}<\/script>\n<!-- \/ Yoast SEO plugin. -->","yoast_head_json":{"title":"GLOSARIO DE T\u00c9RMINOS LGBTQ","description":"lgbtq glossary terms","robots":{"index":"index","follow":"follow","max-snippet":"max-snippet:-1","max-image-preview":"max-image-preview:large","max-video-preview":"max-video-preview:-1"},"canonical":"https:\/\/queervibesmag.com\/es\/lgbtq-glossary-terms\/","og_locale":"es_ES","og_type":"article","og_title":"LGBTQ GLOSSARY TERMS","og_description":"lgbtq glossary terms","og_url":"https:\/\/queervibesmag.com\/es\/lgbtq-glossary-terms\/","og_site_name":"Queer Vibes Mag","article_modified_time":"2024-05-02T12:08:14+00:00","og_image":[{"width":2560,"height":1351,"url":"https:\/\/queervibesmag.com\/wp-content\/uploads\/2023\/09\/LGBTQ-GLOSSARY-TERMS-scaled.jpg","type":"image\/jpeg"}],"twitter_card":"summary_large_image","twitter_site":"@queervibesmag","twitter_misc":{"Tiempo de lectura":"3 minutos"},"schema":{"@context":"https:\/\/schema.org","@graph":[{"@type":"WebPage","@id":"https:\/\/queervibesmag.com\/lgbtq-glossary-terms\/","url":"https:\/\/queervibesmag.com\/lgbtq-glossary-terms\/","name":"GLOSARIO DE T\u00c9RMINOS LGBTQ","isPartOf":{"@id":"https:\/\/queervibesmag.com\/#website"},"primaryImageOfPage":{"@id":"https:\/\/queervibesmag.com\/lgbtq-glossary-terms\/#primaryimage"},"image":{"@id":"https:\/\/queervibesmag.com\/lgbtq-glossary-terms\/#primaryimage"},"thumbnailUrl":"https:\/\/i0.wp.com\/queervibesmag.com\/wp-content\/uploads\/2023\/09\/LGBTQ-GLOSSARY-TERMS-scaled.jpg?fit=2560%2C1351&ssl=1","datePublished":"2023-09-07T11:59:17+00:00","dateModified":"2024-05-02T12:08:14+00:00","description":"lgbtq glossary terms","breadcrumb":{"@id":"https:\/\/queervibesmag.com\/lgbtq-glossary-terms\/#breadcrumb"},"inLanguage":"es","potentialAction":[{"@type":"ReadAction","target":["https:\/\/queervibesmag.com\/lgbtq-glossary-terms\/"]}]},{"@type":"ImageObject","inLanguage":"es","@id":"https:\/\/queervibesmag.com\/lgbtq-glossary-terms\/#primaryimage","url":"https:\/\/i0.wp.com\/queervibesmag.com\/wp-content\/uploads\/2023\/09\/LGBTQ-GLOSSARY-TERMS-scaled.jpg?fit=2560%2C1351&ssl=1","contentUrl":"https:\/\/i0.wp.com\/queervibesmag.com\/wp-content\/uploads\/2023\/09\/LGBTQ-GLOSSARY-TERMS-scaled.jpg?fit=2560%2C1351&ssl=1","width":2560,"height":1351,"caption":"LGBTQ GLOSSARY TERMS"},{"@type":"BreadcrumbList","@id":"https:\/\/queervibesmag.com\/lgbtq-glossary-terms\/#breadcrumb","itemListElement":[{"@type":"ListItem","position":1,"name":"Home","item":"https:\/\/queervibesmag.com\/"},{"@type":"ListItem","position":2,"name":"LGBTQ GLOSSARY TERMS"}]},{"@type":"WebSite","@id":"https:\/\/queervibesmag.com\/#website","url":"https:\/\/queervibesmag.com\/","name":"Queer Vibes Mag","description":"NOTICIAS LGBT EN EL MUNDO","publisher":{"@id":"https:\/\/queervibesmag.com\/#organization"},"potentialAction":[{"@type":"SearchAction","target":{"@type":"EntryPoint","urlTemplate":"https:\/\/queervibesmag.com\/?s={search_term_string}"},"query-input":{"@type":"PropertyValueSpecification","valueRequired":true,"valueName":"search_term_string"}}],"inLanguage":"es"},{"@type":"Organization","@id":"https:\/\/queervibesmag.com\/#organization","name":"Queer Vibes Mag | LGBT NEWS","alternateName":"Queer Vibes Mag | LGBT NEWS","url":"https:\/\/queervibesmag.com\/","logo":{"@type":"ImageObject","inLanguage":"es","@id":"https:\/\/queervibesmag.com\/#\/schema\/logo\/image\/","url":"https:\/\/i0.wp.com\/queervibesmag.com\/wp-content\/uploads\/2023\/09\/cropped-Black_and_White_Modern_Literary_Magazine_Logo__2__-_Copie-removebg-preview.png?fit=200%2C200&ssl=1","contentUrl":"https:\/\/i0.wp.com\/queervibesmag.com\/wp-content\/uploads\/2023\/09\/cropped-Black_and_White_Modern_Literary_Magazine_Logo__2__-_Copie-removebg-preview.png?fit=200%2C200&ssl=1","width":200,"height":200,"caption":"Queer Vibes Mag | LGBT NEWS"},"image":{"@id":"https:\/\/queervibesmag.com\/#\/schema\/logo\/image\/"},"sameAs":["https:\/\/x.com\/queervibesmag"]}]}},"jetpack_sharing_enabled":true,"jetpack-related-posts":[{"id":1313,"url":"https:\/\/queervibesmag.com\/es\/lgbt-news-france\/","url_meta":{"origin":44,"position":0},"title":"NOTICIAS LGBT FRANCIA","author":"QueerVibesMag","date":"enero 31, 2024","format":false,"excerpt":"LGBT News France \ud83c\uddeb\ud83c\uddf7 Discover LGBT News France LGBT News France is your prime source for information about the LGBT community. We provide news on legal advancements, cultural events, and social issues. Our articles, interviews, and reports highlight the successes and challenges of LGBT individuals in France. LGBTQ Glossary :\u2026","rel":"","context":"Entrada similar","block_context":{"text":"Entrada similar","link":""},"img":{"alt_text":"LGBT NEWS FRANCE","src":"https:\/\/i0.wp.com\/queervibesmag.com\/wp-content\/uploads\/2024\/01\/LGBT-NEWS-FRANCE.jpg?fit=1200%2C695&ssl=1&resize=350%2C200","width":350,"height":200,"srcset":"https:\/\/i0.wp.com\/queervibesmag.com\/wp-content\/uploads\/2024\/01\/LGBT-NEWS-FRANCE.jpg?fit=1200%2C695&ssl=1&resize=350%2C200 1x, https:\/\/i0.wp.com\/queervibesmag.com\/wp-content\/uploads\/2024\/01\/LGBT-NEWS-FRANCE.jpg?fit=1200%2C695&ssl=1&resize=525%2C300 1.5x, https:\/\/i0.wp.com\/queervibesmag.com\/wp-content\/uploads\/2024\/01\/LGBT-NEWS-FRANCE.jpg?fit=1200%2C695&ssl=1&resize=700%2C400 2x, https:\/\/i0.wp.com\/queervibesmag.com\/wp-content\/uploads\/2024\/01\/LGBT-NEWS-FRANCE.jpg?fit=1200%2C695&ssl=1&resize=1050%2C600 3x"},"classes":[]},{"id":2,"url":"https:\/\/queervibesmag.com\/es\/blog-lgbtq\/","url_meta":{"origin":44,"position":1},"title":"Blog LGBTQ","author":"QueerVibesMag","date":"septiembre 7, 2023","format":false,"excerpt":"Welcome to our \"Blog LGBTQ\" section, a dedicated space where we celebrate, discuss, and delve into the diverse spectrum of LGBTQ+ experiences. From personal stories and reflections to insights on queer culture, this blog aims to provide a comprehensive look at life through the LGBTQ+ lens. Whether you're part of\u2026","rel":"","context":"Entrada similar","block_context":{"text":"Entrada similar","link":""},"img":{"alt_text":"","src":"","width":0,"height":0},"classes":[]},{"id":79,"url":"https:\/\/queervibesmag.com\/es\/sport\/","url_meta":{"origin":44,"position":2},"title":"NOTICIAS DEPORTIVAS LGBT","author":"QueerVibesMag","date":"septiembre 7, 2023","format":false,"excerpt":"LGBT Sports News : Your premier source for breaking news, features, and insights into the vibrant world of LGBTQ+ athletes and sports. Explore the triumphs, challenges, and milestones of inclusive sports communities. Stay informed and inspired with our in-depth coverage of LGBTQ+ athletes, teams, and advocacy efforts in the ever-evolving\u2026","rel":"","context":"Entrada similar","block_context":{"text":"Entrada similar","link":""},"img":{"alt_text":"lgbt sports news","src":"https:\/\/i0.wp.com\/queervibesmag.com\/wp-content\/uploads\/2024\/04\/lgbt-sports-news.jpg?fit=704%2C689&ssl=1&resize=350%2C200","width":350,"height":200,"srcset":"https:\/\/i0.wp.com\/queervibesmag.com\/wp-content\/uploads\/2024\/04\/lgbt-sports-news.jpg?fit=704%2C689&ssl=1&resize=350%2C200 1x, https:\/\/i0.wp.com\/queervibesmag.com\/wp-content\/uploads\/2024\/04\/lgbt-sports-news.jpg?fit=704%2C689&ssl=1&resize=525%2C300 1.5x, https:\/\/i0.wp.com\/queervibesmag.com\/wp-content\/uploads\/2024\/04\/lgbt-sports-news.jpg?fit=704%2C689&ssl=1&resize=700%2C400 2x"},"classes":[]},{"id":67,"url":"https:\/\/queervibesmag.com\/es\/celeb\/","url_meta":{"origin":44,"position":3},"title":"LGBT CELEBRITY NEWS","author":"QueerVibesMag","date":"septiembre 7, 2023","format":false,"excerpt":"Welcome to LGBT Celebrity News : The Forefront of LGBTQ+ Celebrity Insights LGBT Celebrity News is your definitive source for the latest updates, exclusive interviews, and in-depth features on LGBTQ+ celebrities in the entertainment industry and beyond. Our platform celebrates the vibrant lives and achievements of LGBTQ+ figures, offering our\u2026","rel":"","context":"Entrada similar","block_context":{"text":"Entrada similar","link":""},"img":{"alt_text":"LGBT Celebrity News","src":"https:\/\/i0.wp.com\/queervibesmag.com\/wp-content\/uploads\/2024\/04\/LGBT-Celebrity-News.jpg?fit=722%2C715&ssl=1&resize=350%2C200","width":350,"height":200,"srcset":"https:\/\/i0.wp.com\/queervibesmag.com\/wp-content\/uploads\/2024\/04\/LGBT-Celebrity-News.jpg?fit=722%2C715&ssl=1&resize=350%2C200 1x, https:\/\/i0.wp.com\/queervibesmag.com\/wp-content\/uploads\/2024\/04\/LGBT-Celebrity-News.jpg?fit=722%2C715&ssl=1&resize=525%2C300 1.5x, https:\/\/i0.wp.com\/queervibesmag.com\/wp-content\/uploads\/2024\/04\/LGBT-Celebrity-News.jpg?fit=722%2C715&ssl=1&resize=700%2C400 2x"},"classes":[]},{"id":1466,"url":"https:\/\/queervibesmag.com\/es\/lgbt-magazine\/","url_meta":{"origin":44,"position":4},"title":"OUR LGBT MAGAZINE","author":"QueerVibesMag","date":"febrero 11, 2024","format":false,"excerpt":"OUR LGBT MAGAZINE Queer Vibes Magazine : Embracing Diversity, Celebrating Life \"Queer Vibes Magazine\" stands as a beacon of empowerment, diversity, and celebration within the LGBTQ+ community. Through its pages, we strive to provide a comprehensive view of the queer experience, offering insight, entertainment, and support to our readers. Our\u2026","rel":"","context":"Entrada similar","block_context":{"text":"Entrada similar","link":""},"img":{"alt_text":"LGBT MAGAZINE QUEER VIBES MAG COVER","src":"https:\/\/i0.wp.com\/queervibesmag.com\/wp-content\/uploads\/2024\/02\/www.reallygreatsite.com-3.png?fit=1200%2C660&ssl=1&resize=350%2C200","width":350,"height":200,"srcset":"https:\/\/i0.wp.com\/queervibesmag.com\/wp-content\/uploads\/2024\/02\/www.reallygreatsite.com-3.png?fit=1200%2C660&ssl=1&resize=350%2C200 1x, https:\/\/i0.wp.com\/queervibesmag.com\/wp-content\/uploads\/2024\/02\/www.reallygreatsite.com-3.png?fit=1200%2C660&ssl=1&resize=525%2C300 1.5x, https:\/\/i0.wp.com\/queervibesmag.com\/wp-content\/uploads\/2024\/02\/www.reallygreatsite.com-3.png?fit=1200%2C660&ssl=1&resize=700%2C400 2x, https:\/\/i0.wp.com\/queervibesmag.com\/wp-content\/uploads\/2024\/02\/www.reallygreatsite.com-3.png?fit=1200%2C660&ssl=1&resize=1050%2C600 3x"},"classes":[]},{"id":68,"url":"https:\/\/queervibesmag.com\/es\/culture\/","url_meta":{"origin":44,"position":5},"title":"CULTURA LGBT Y QUEER","author":"QueerVibesMag","date":"septiembre 7, 2023","format":false,"excerpt":"LGBT CULTURE : LGBTQ+ Culture Unveiled, Dive into the rich tapestry of LGBTQ+ Arts, culture ande more. Explore stories, art, history, and the vibrant spectrum of identities that shape our world. Celebrate diversity, empowerment, and resilience as we embrace and honor the diverse tapestry of LGBTQ+ life and experiences","rel":"","context":"Entrada similar","block_context":{"text":"Entrada similar","link":""},"img":{"alt_text":"An artistic representation filled with symbols, colors, and elements celebrating LGBT and Queer culture, expressing diversity, unity, and creativity.","src":"https:\/\/i0.wp.com\/queervibesmag.com\/wp-content\/uploads\/2024\/01\/LGBT-AND-QUEER-CULTURE.jpg?fit=1200%2C682&ssl=1&resize=350%2C200","width":350,"height":200,"srcset":"https:\/\/i0.wp.com\/queervibesmag.com\/wp-content\/uploads\/2024\/01\/LGBT-AND-QUEER-CULTURE.jpg?fit=1200%2C682&ssl=1&resize=350%2C200 1x, https:\/\/i0.wp.com\/queervibesmag.com\/wp-content\/uploads\/2024\/01\/LGBT-AND-QUEER-CULTURE.jpg?fit=1200%2C682&ssl=1&resize=525%2C300 1.5x, https:\/\/i0.wp.com\/queervibesmag.com\/wp-content\/uploads\/2024\/01\/LGBT-AND-QUEER-CULTURE.jpg?fit=1200%2C682&ssl=1&resize=700%2C400 2x, https:\/\/i0.wp.com\/queervibesmag.com\/wp-content\/uploads\/2024\/01\/LGBT-AND-QUEER-CULTURE.jpg?fit=1200%2C682&ssl=1&resize=1050%2C600 3x"},"classes":[]}],"_links":{"self":[{"href":"https:\/\/queervibesmag.com\/es\/wp-json\/wp\/v2\/pages\/44","targetHints":{"allow":["GET"]}}],"collection":[{"href":"https:\/\/queervibesmag.com\/es\/wp-json\/wp\/v2\/pages"}],"about":[{"href":"https:\/\/queervibesmag.com\/es\/wp-json\/wp\/v2\/types\/page"}],"author":[{"embeddable":true,"href":"https:\/\/queervibesmag.com\/es\/wp-json\/wp\/v2\/users\/1"}],"replies":[{"embeddable":true,"href":"https:\/\/queervibesmag.com\/es\/wp-json\/wp\/v2\/comments?post=44"}],"version-history":[{"count":3,"href":"https:\/\/queervibesmag.com\/es\/wp-json\/wp\/v2\/pages\/44\/revisions"}],"predecessor-version":[{"id":2317,"href":"https:\/\/queervibesmag.com\/es\/wp-json\/wp\/v2\/pages\/44\/revisions\/2317"}],"wp:featuredmedia":[{"embeddable":true,"href":"https:\/\/queervibesmag.com\/es\/wp-json\/wp\/v2\/media\/182"}],"wp:attachment":[{"href":"https:\/\/queervibesmag.com\/es\/wp-json\/wp\/v2\/media?parent=44"}],"curies":[{"name":"wp","href":"https:\/\/api.w.org\/{rel}","templated":true}]}}