{"id":78,"date":"2023-09-07T13:22:56","date_gmt":"2023-09-07T13:22:56","guid":{"rendered":"https:\/\/queervibesmag.com\/?page_id=78"},"modified":"2023-09-15T16:56:21","modified_gmt":"2023-09-15T16:56:21","slug":"arts","status":"publish","type":"page","link":"https:\/\/queervibesmag.com\/es\/arts\/","title":{"rendered":"ARTE LGBT"},"content":{"rendered":"<p>ARTE LGBT : Explora el vibrante mundo de las artes LGBT y queer en nuestro blog, donde la creatividad no tiene l\u00edmites. Sum\u00e9rgete en un caleidoscopio de colores, historias y perspectivas que celebran el amor, la diversidad y la inclusi\u00f3n. Mantente al d\u00eda de las \u00faltimas noticias, tendencias y puntos de vista del arte LGBT, en constante evoluci\u00f3n.<\/p>","protected":false},"excerpt":{"rendered":"<p>ARTE LGBT : Explora el vibrante mundo de las artes LGBT y queer en nuestro blog, donde la creatividad no tiene l\u00edmites. Sum\u00e9rgete en un caleidoscopio de colores, historias y perspectivas que celebran el amor, la diversidad y la inclusi\u00f3n. Mantente al d\u00eda de las \u00faltimas noticias, tendencias y puntos de vista del arte LGBT, en constante evoluci\u00f3n.<\/p>","protected":false},"author":1,"featured_media":0,"parent":0,"menu_order":0,"comment_status":"closed","ping_status":"closed","template":"","meta":{"footnotes":""},"class_list":["post-78","page","type-page","status-publish","hentry"],"yoast_head":"<!-- This site is optimized with the Yoast SEO plugin v27.3 - https:\/\/yoast.com\/product\/yoast-seo-wordpress\/ -->\n<title>LGBT ART<\/title>\n<meta name=\"description\" content=\"Explore the vibrant world of LGBT art on our blog, where creativity knows no bounds. Dive into a kaleidoscope of colors, stories, and more\" \/>\n<meta name=\"robots\" content=\"index, follow, max-snippet:-1, max-image-preview:large, max-video-preview:-1\" \/>\n<link rel=\"canonical\" href=\"https:\/\/queervibesmag.com\/es\/arts\/\" \/>\n<meta property=\"og:locale\" content=\"es_ES\" \/>\n<meta property=\"og:type\" content=\"article\" \/>\n<meta property=\"og:title\" content=\"LGBT ART\" \/>\n<meta property=\"og:description\" content=\"Explore the vibrant world of LGBT art on our blog, where creativity knows no bounds. Dive into a kaleidoscope of colors, stories, and more\" \/>\n<meta property=\"og:url\" content=\"https:\/\/queervibesmag.com\/es\/arts\/\" \/>\n<meta property=\"og:site_name\" content=\"Queer Vibes Mag\" \/>\n<meta property=\"article:modified_time\" content=\"2023-09-15T16:56:21+00:00\" \/>\n<meta name=\"twitter:card\" content=\"summary_large_image\" \/>\n<meta name=\"twitter:site\" content=\"@queervibesmag\" \/>\n<meta name=\"twitter:label1\" content=\"Tiempo de lectura\" \/>\n\t<meta name=\"twitter:data1\" content=\"1 minuto\" \/>\n<script type=\"application\/ld+json\" class=\"yoast-schema-graph\">{\"@context\":\"https:\\\/\\\/schema.org\",\"@graph\":[{\"@type\":\"WebPage\",\"@id\":\"https:\\\/\\\/queervibesmag.com\\\/arts\\\/\",\"url\":\"https:\\\/\\\/queervibesmag.com\\\/arts\\\/\",\"name\":\"LGBT ART\",\"isPartOf\":{\"@id\":\"https:\\\/\\\/queervibesmag.com\\\/#website\"},\"datePublished\":\"2023-09-07T13:22:56+00:00\",\"dateModified\":\"2023-09-15T16:56:21+00:00\",\"description\":\"Explore the vibrant world of LGBT art on our blog, where creativity knows no bounds. Dive into a kaleidoscope of colors, stories, and more\",\"breadcrumb\":{\"@id\":\"https:\\\/\\\/queervibesmag.com\\\/arts\\\/#breadcrumb\"},\"inLanguage\":\"es\",\"potentialAction\":[{\"@type\":\"ReadAction\",\"target\":[\"https:\\\/\\\/queervibesmag.com\\\/arts\\\/\"]}]},{\"@type\":\"BreadcrumbList\",\"@id\":\"https:\\\/\\\/queervibesmag.com\\\/arts\\\/#breadcrumb\",\"itemListElement\":[{\"@type\":\"ListItem\",\"position\":1,\"name\":\"Home\",\"item\":\"https:\\\/\\\/queervibesmag.com\\\/\"},{\"@type\":\"ListItem\",\"position\":2,\"name\":\"LGBT ART\"}]},{\"@type\":\"WebSite\",\"@id\":\"https:\\\/\\\/queervibesmag.com\\\/#website\",\"url\":\"https:\\\/\\\/queervibesmag.com\\\/\",\"name\":\"Queer Vibes Mag\",\"description\":\"WORLD WIDE LGBTQ NEWS\",\"publisher\":{\"@id\":\"https:\\\/\\\/queervibesmag.com\\\/#organization\"},\"potentialAction\":[{\"@type\":\"SearchAction\",\"target\":{\"@type\":\"EntryPoint\",\"urlTemplate\":\"https:\\\/\\\/queervibesmag.com\\\/?s={search_term_string}\"},\"query-input\":{\"@type\":\"PropertyValueSpecification\",\"valueRequired\":true,\"valueName\":\"search_term_string\"}}],\"inLanguage\":\"es\"},{\"@type\":\"Organization\",\"@id\":\"https:\\\/\\\/queervibesmag.com\\\/#organization\",\"name\":\"Queer Vibes Mag | LGBT NEWS\",\"alternateName\":\"Queer Vibes Mag | LGBT NEWS\",\"url\":\"https:\\\/\\\/queervibesmag.com\\\/\",\"logo\":{\"@type\":\"ImageObject\",\"inLanguage\":\"es\",\"@id\":\"https:\\\/\\\/queervibesmag.com\\\/#\\\/schema\\\/logo\\\/image\\\/\",\"url\":\"https:\\\/\\\/i0.wp.com\\\/queervibesmag.com\\\/wp-content\\\/uploads\\\/2023\\\/09\\\/cropped-Black_and_White_Modern_Literary_Magazine_Logo__2__-_Copie-removebg-preview.png?fit=200%2C200&ssl=1\",\"contentUrl\":\"https:\\\/\\\/i0.wp.com\\\/queervibesmag.com\\\/wp-content\\\/uploads\\\/2023\\\/09\\\/cropped-Black_and_White_Modern_Literary_Magazine_Logo__2__-_Copie-removebg-preview.png?fit=200%2C200&ssl=1\",\"width\":200,\"height\":200,\"caption\":\"Queer Vibes Mag | LGBT NEWS\"},\"image\":{\"@id\":\"https:\\\/\\\/queervibesmag.com\\\/#\\\/schema\\\/logo\\\/image\\\/\"},\"sameAs\":[\"https:\\\/\\\/x.com\\\/queervibesmag\"]}]}<\/script>\n<!-- \/ Yoast SEO plugin. -->","yoast_head_json":{"title":"ARTE LGBT","description":"Explore the vibrant world of LGBT art on our blog, where creativity knows no bounds. Dive into a kaleidoscope of colors, stories, and more","robots":{"index":"index","follow":"follow","max-snippet":"max-snippet:-1","max-image-preview":"max-image-preview:large","max-video-preview":"max-video-preview:-1"},"canonical":"https:\/\/queervibesmag.com\/es\/arts\/","og_locale":"es_ES","og_type":"article","og_title":"LGBT ART","og_description":"Explore the vibrant world of LGBT art on our blog, where creativity knows no bounds. Dive into a kaleidoscope of colors, stories, and more","og_url":"https:\/\/queervibesmag.com\/es\/arts\/","og_site_name":"Queer Vibes Mag","article_modified_time":"2023-09-15T16:56:21+00:00","twitter_card":"summary_large_image","twitter_site":"@queervibesmag","twitter_misc":{"Tiempo de lectura":"1 minuto"},"schema":{"@context":"https:\/\/schema.org","@graph":[{"@type":"WebPage","@id":"https:\/\/queervibesmag.com\/arts\/","url":"https:\/\/queervibesmag.com\/arts\/","name":"ARTE LGBT","isPartOf":{"@id":"https:\/\/queervibesmag.com\/#website"},"datePublished":"2023-09-07T13:22:56+00:00","dateModified":"2023-09-15T16:56:21+00:00","description":"Explore the vibrant world of LGBT art on our blog, where creativity knows no bounds. Dive into a kaleidoscope of colors, stories, and more","breadcrumb":{"@id":"https:\/\/queervibesmag.com\/arts\/#breadcrumb"},"inLanguage":"es","potentialAction":[{"@type":"ReadAction","target":["https:\/\/queervibesmag.com\/arts\/"]}]},{"@type":"BreadcrumbList","@id":"https:\/\/queervibesmag.com\/arts\/#breadcrumb","itemListElement":[{"@type":"ListItem","position":1,"name":"Home","item":"https:\/\/queervibesmag.com\/"},{"@type":"ListItem","position":2,"name":"LGBT ART"}]},{"@type":"WebSite","@id":"https:\/\/queervibesmag.com\/#website","url":"https:\/\/queervibesmag.com\/","name":"Queer Vibes Mag","description":"NOTICIAS LGBT EN EL MUNDO","publisher":{"@id":"https:\/\/queervibesmag.com\/#organization"},"potentialAction":[{"@type":"SearchAction","target":{"@type":"EntryPoint","urlTemplate":"https:\/\/queervibesmag.com\/?s={search_term_string}"},"query-input":{"@type":"PropertyValueSpecification","valueRequired":true,"valueName":"search_term_string"}}],"inLanguage":"es"},{"@type":"Organization","@id":"https:\/\/queervibesmag.com\/#organization","name":"Queer Vibes Mag | LGBT NEWS","alternateName":"Queer Vibes Mag | LGBT NEWS","url":"https:\/\/queervibesmag.com\/","logo":{"@type":"ImageObject","inLanguage":"es","@id":"https:\/\/queervibesmag.com\/#\/schema\/logo\/image\/","url":"https:\/\/i0.wp.com\/queervibesmag.com\/wp-content\/uploads\/2023\/09\/cropped-Black_and_White_Modern_Literary_Magazine_Logo__2__-_Copie-removebg-preview.png?fit=200%2C200&ssl=1","contentUrl":"https:\/\/i0.wp.com\/queervibesmag.com\/wp-content\/uploads\/2023\/09\/cropped-Black_and_White_Modern_Literary_Magazine_Logo__2__-_Copie-removebg-preview.png?fit=200%2C200&ssl=1","width":200,"height":200,"caption":"Queer Vibes Mag | LGBT NEWS"},"image":{"@id":"https:\/\/queervibesmag.com\/#\/schema\/logo\/image\/"},"sameAs":["https:\/\/x.com\/queervibesmag"]}]}},"jetpack_sharing_enabled":true,"jetpack-related-posts":[{"id":68,"url":"https:\/\/queervibesmag.com\/es\/culture\/","url_meta":{"origin":78,"position":0},"title":"CULTURA LGBT Y QUEER","author":"QueerVibesMag","date":"septiembre 7, 2023","format":false,"excerpt":"LGBT CULTURE : LGBTQ+ Culture Unveiled, Dive into the rich tapestry of LGBTQ+ Arts, culture ande more. Explore stories, art, history, and the vibrant spectrum of identities that shape our world. Celebrate diversity, empowerment, and resilience as we embrace and honor the diverse tapestry of LGBTQ+ life and experiences","rel":"","context":"Entrada similar","block_context":{"text":"Entrada similar","link":""},"img":{"alt_text":"An artistic representation filled with symbols, colors, and elements celebrating LGBT and Queer culture, expressing diversity, unity, and creativity.","src":"https:\/\/i0.wp.com\/queervibesmag.com\/wp-content\/uploads\/2024\/01\/LGBT-AND-QUEER-CULTURE.jpg?fit=1200%2C682&ssl=1&resize=350%2C200","width":350,"height":200,"srcset":"https:\/\/i0.wp.com\/queervibesmag.com\/wp-content\/uploads\/2024\/01\/LGBT-AND-QUEER-CULTURE.jpg?fit=1200%2C682&ssl=1&resize=350%2C200 1x, https:\/\/i0.wp.com\/queervibesmag.com\/wp-content\/uploads\/2024\/01\/LGBT-AND-QUEER-CULTURE.jpg?fit=1200%2C682&ssl=1&resize=525%2C300 1.5x, https:\/\/i0.wp.com\/queervibesmag.com\/wp-content\/uploads\/2024\/01\/LGBT-AND-QUEER-CULTURE.jpg?fit=1200%2C682&ssl=1&resize=700%2C400 2x, https:\/\/i0.wp.com\/queervibesmag.com\/wp-content\/uploads\/2024\/01\/LGBT-AND-QUEER-CULTURE.jpg?fit=1200%2C682&ssl=1&resize=1050%2C600 3x"},"classes":[]},{"id":1466,"url":"https:\/\/queervibesmag.com\/es\/lgbt-magazine\/","url_meta":{"origin":78,"position":1},"title":"OUR LGBT MAGAZINE","author":"QueerVibesMag","date":"febrero 11, 2024","format":false,"excerpt":"OUR LGBT MAGAZINE Queer Vibes Magazine : Embracing Diversity, Celebrating Life \"Queer Vibes Magazine\" stands as a beacon of empowerment, diversity, and celebration within the LGBTQ+ community. Through its pages, we strive to provide a comprehensive view of the queer experience, offering insight, entertainment, and support to our readers. Our\u2026","rel":"","context":"Entrada similar","block_context":{"text":"Entrada similar","link":""},"img":{"alt_text":"LGBT MAGAZINE QUEER VIBES MAG COVER","src":"https:\/\/i0.wp.com\/queervibesmag.com\/wp-content\/uploads\/2024\/02\/www.reallygreatsite.com-3.png?fit=1200%2C660&ssl=1&resize=350%2C200","width":350,"height":200,"srcset":"https:\/\/i0.wp.com\/queervibesmag.com\/wp-content\/uploads\/2024\/02\/www.reallygreatsite.com-3.png?fit=1200%2C660&ssl=1&resize=350%2C200 1x, https:\/\/i0.wp.com\/queervibesmag.com\/wp-content\/uploads\/2024\/02\/www.reallygreatsite.com-3.png?fit=1200%2C660&ssl=1&resize=525%2C300 1.5x, https:\/\/i0.wp.com\/queervibesmag.com\/wp-content\/uploads\/2024\/02\/www.reallygreatsite.com-3.png?fit=1200%2C660&ssl=1&resize=700%2C400 2x, https:\/\/i0.wp.com\/queervibesmag.com\/wp-content\/uploads\/2024\/02\/www.reallygreatsite.com-3.png?fit=1200%2C660&ssl=1&resize=1050%2C600 3x"},"classes":[]},{"id":2775,"url":"https:\/\/queervibesmag.com\/es\/lgbt-horoscopes\/","url_meta":{"origin":78,"position":2},"title":"LGBT HOROSCOPES","author":"QueerVibesMag","date":"junio 26, 2024","format":false,"excerpt":"LGBT Horoscopes: Your Monthly Celestial Insights Welcome to our monthly LGBT Horoscopes, where the stars align to offer personalized and inclusive astrological guidance tailored to the LGBT community. Each month, we delve into the zodiac to provide you with insights on love, career, health, and personal growth. Whether you're seeking\u2026","rel":"","context":"Entrada similar","block_context":{"text":"Entrada similar","link":""},"img":{"alt_text":"LGBT HOROSCOPES","src":"https:\/\/i0.wp.com\/queervibesmag.com\/wp-content\/uploads\/2024\/06\/viva-luna-studios-r_-onuwuWAU-unsplash.jpg?fit=605%2C404&ssl=1&resize=350%2C200","width":350,"height":200,"srcset":"https:\/\/i0.wp.com\/queervibesmag.com\/wp-content\/uploads\/2024\/06\/viva-luna-studios-r_-onuwuWAU-unsplash.jpg?fit=605%2C404&ssl=1&resize=350%2C200 1x, https:\/\/i0.wp.com\/queervibesmag.com\/wp-content\/uploads\/2024\/06\/viva-luna-studios-r_-onuwuWAU-unsplash.jpg?fit=605%2C404&ssl=1&resize=525%2C300 1.5x"},"classes":[]},{"id":1313,"url":"https:\/\/queervibesmag.com\/es\/lgbt-news-france\/","url_meta":{"origin":78,"position":3},"title":"NOTICIAS LGBT FRANCIA","author":"QueerVibesMag","date":"enero 31, 2024","format":false,"excerpt":"LGBT News France \ud83c\uddeb\ud83c\uddf7 Discover LGBT News France LGBT News France is your prime source for information about the LGBT community. We provide news on legal advancements, cultural events, and social issues. Our articles, interviews, and reports highlight the successes and challenges of LGBT individuals in France. LGBTQ Glossary :\u2026","rel":"","context":"Entrada similar","block_context":{"text":"Entrada similar","link":""},"img":{"alt_text":"LGBT NEWS FRANCE","src":"https:\/\/i0.wp.com\/queervibesmag.com\/wp-content\/uploads\/2024\/01\/LGBT-NEWS-FRANCE.jpg?fit=1200%2C695&ssl=1&resize=350%2C200","width":350,"height":200,"srcset":"https:\/\/i0.wp.com\/queervibesmag.com\/wp-content\/uploads\/2024\/01\/LGBT-NEWS-FRANCE.jpg?fit=1200%2C695&ssl=1&resize=350%2C200 1x, https:\/\/i0.wp.com\/queervibesmag.com\/wp-content\/uploads\/2024\/01\/LGBT-NEWS-FRANCE.jpg?fit=1200%2C695&ssl=1&resize=525%2C300 1.5x, https:\/\/i0.wp.com\/queervibesmag.com\/wp-content\/uploads\/2024\/01\/LGBT-NEWS-FRANCE.jpg?fit=1200%2C695&ssl=1&resize=700%2C400 2x, https:\/\/i0.wp.com\/queervibesmag.com\/wp-content\/uploads\/2024\/01\/LGBT-NEWS-FRANCE.jpg?fit=1200%2C695&ssl=1&resize=1050%2C600 3x"},"classes":[]},{"id":121,"url":"https:\/\/queervibesmag.com\/es\/lgbt-world-news\/","url_meta":{"origin":78,"position":4},"title":"NOTICIAS DEL MUNDO LGBT","author":"QueerVibesMag","date":"septiembre 7, 2023","format":false,"excerpt":"Welcome to LGBT World News, your premier destination for the most recent and impactful stories from the global LGBT community. Our dedicated section offers comprehensive coverage of the latest developments in LGBT rights, culture, and events from around the world. We strive to provide a diverse and inclusive perspective on\u2026","rel":"","context":"Entrada similar","block_context":{"text":"Entrada similar","link":""},"img":{"alt_text":"","src":"https:\/\/i0.wp.com\/queervibesmag.com\/wp-content\/uploads\/2024\/01\/news-world-lgbt.jpg?fit=1200%2C675&ssl=1&resize=350%2C200","width":350,"height":200,"srcset":"https:\/\/i0.wp.com\/queervibesmag.com\/wp-content\/uploads\/2024\/01\/news-world-lgbt.jpg?fit=1200%2C675&ssl=1&resize=350%2C200 1x, https:\/\/i0.wp.com\/queervibesmag.com\/wp-content\/uploads\/2024\/01\/news-world-lgbt.jpg?fit=1200%2C675&ssl=1&resize=525%2C300 1.5x, https:\/\/i0.wp.com\/queervibesmag.com\/wp-content\/uploads\/2024\/01\/news-world-lgbt.jpg?fit=1200%2C675&ssl=1&resize=700%2C400 2x, https:\/\/i0.wp.com\/queervibesmag.com\/wp-content\/uploads\/2024\/01\/news-world-lgbt.jpg?fit=1200%2C675&ssl=1&resize=1050%2C600 3x"},"classes":[]},{"id":38,"url":"https:\/\/queervibesmag.com\/es\/","url_meta":{"origin":78,"position":5},"title":"HOME LGBT NEWS AND ACTUALITY","author":"QueerVibesMag","date":"septiembre 7, 2023","format":false,"excerpt":"LGBT News : A Glimpse into Today's Headlines LGBT news, Queer Vibes Mag Presents: Navigating the Global LGBT Landscape The Global Landscape of LGBT Rights : A Queer Vibes Perspective At Queer Vibes Mag, our focus has always been on the ever-evolving landscape of LGBT rights. The world has witnessed\u2026","rel":"","context":"Entrada similar","block_context":{"text":"Entrada similar","link":""},"img":{"alt_text":"image of queer vibes mag logo","src":"https:\/\/i0.wp.com\/queervibesmag.com\/wp-content\/uploads\/2023\/09\/110552-1.png?fit=1200%2C628&ssl=1&resize=350%2C200","width":350,"height":200,"srcset":"https:\/\/i0.wp.com\/queervibesmag.com\/wp-content\/uploads\/2023\/09\/110552-1.png?fit=1200%2C628&ssl=1&resize=350%2C200 1x, https:\/\/i0.wp.com\/queervibesmag.com\/wp-content\/uploads\/2023\/09\/110552-1.png?fit=1200%2C628&ssl=1&resize=525%2C300 1.5x, https:\/\/i0.wp.com\/queervibesmag.com\/wp-content\/uploads\/2023\/09\/110552-1.png?fit=1200%2C628&ssl=1&resize=700%2C400 2x, https:\/\/i0.wp.com\/queervibesmag.com\/wp-content\/uploads\/2023\/09\/110552-1.png?fit=1200%2C628&ssl=1&resize=1050%2C600 3x"},"classes":[]}],"_links":{"self":[{"href":"https:\/\/queervibesmag.com\/es\/wp-json\/wp\/v2\/pages\/78","targetHints":{"allow":["GET"]}}],"collection":[{"href":"https:\/\/queervibesmag.com\/es\/wp-json\/wp\/v2\/pages"}],"about":[{"href":"https:\/\/queervibesmag.com\/es\/wp-json\/wp\/v2\/types\/page"}],"author":[{"embeddable":true,"href":"https:\/\/queervibesmag.com\/es\/wp-json\/wp\/v2\/users\/1"}],"replies":[{"embeddable":true,"href":"https:\/\/queervibesmag.com\/es\/wp-json\/wp\/v2\/comments?post=78"}],"version-history":[{"count":3,"href":"https:\/\/queervibesmag.com\/es\/wp-json\/wp\/v2\/pages\/78\/revisions"}],"predecessor-version":[{"id":331,"href":"https:\/\/queervibesmag.com\/es\/wp-json\/wp\/v2\/pages\/78\/revisions\/331"}],"wp:attachment":[{"href":"https:\/\/queervibesmag.com\/es\/wp-json\/wp\/v2\/media?parent=78"}],"curies":[{"name":"wp","href":"https:\/\/api.w.org\/{rel}","templated":true}]}}